{"id":79,"date":"2021-03-31T22:16:48","date_gmt":"2021-03-31T20:16:48","guid":{"rendered":"https:\/\/ulmer-freidenker.de\/?page_id=79"},"modified":"2023-03-16T15:56:08","modified_gmt":"2023-03-16T14:56:08","slug":"ueber-uns","status":"publish","type":"page","link":"https:\/\/ulmer-freidenker.de\/?page_id=79","title":{"rendered":"\u00fcber uns"},"content":{"rendered":"\n<p>Freidenker:innen sind Menschen ohne religi\u00f6se Bindungen. Sie orientieren sich an wissenschaftlichen Erkenntnissen und bekennen sich zum Humanismus.<\/p>\n\n\n\n<p><strong><span style=\"color:#f80a35\" class=\"has-inline-color\">Worin sehen die Freidenker:innen ihre Aufgaben?<\/span><\/strong><br>&#8211; Eintreten f\u00fcr Frieden und soziale Gerechtigkeit<br>&#8211; Eintreten f\u00fcr die Trennung von Staat und Kirche sowie f\u00fcr die Trennung von Schule und Kirche<br>&#8211; Verbreitung des wissenschaftlichen Materialismus<br>&#8211; Anerkennung von Glaubens- und Gewissensfreiheit<br>&#8211; Aufhebung jeder Art von Bildungsvorrechten<br>&#8211; F\u00f6rderung einer sozialistischen Kultur durch weltliche Feiern, wie Namensgebung, Jugendweihe und Abschiedsstunde.<\/p>\n\n\n\n<p><strong><span style=\"color:#f80a35\" class=\"has-inline-color\">Was bieten und veranstalten die Freidenker?<\/span><\/strong><br>&#8211; \u00f6ffentliche Vortr\u00e4ge zur Verbreitung und Vertiefung einer humanistischen und undogmatischen Weltanschauung<br>&#8211; Kulturfahrten zu interessanten Zielen&nbsp; mit sachkundiger F\u00fchrung<br>&#8211; Jugendfeiern mit Vorbereitungskursen beim&nbsp; \u00dcbergang vom Kindes- ins Erwachsenenalter f\u00fcr konfessionslose Jugendliche<br>&#8211; Gestaltung von weltlich-humanistischen&nbsp; Bestattungsfeiern f\u00fcr Mitglieder und&nbsp; konfessionslose Nichtmitglieder<br>&#8211; Verbreitung und Herstellung von wissenschaftlicher, religions- und kirchenkritischer Literatur und Informationsmaterial<br>&#8211; unterhaltende Kulturprogramme und gesellige Treffen<\/p>\n\n\n\n<p><strong><span style=\"color:#f80a35\" class=\"has-inline-color\">Was ist freidenken \u2013 Wer sind Freidenker:innen?<\/span><\/strong><br>Freidenker:innen sind Menschen ohne religi\u00f6se&nbsp; Bindungen, die Dogmen, also Glaubens- und Lehrs\u00e4tze mit dem Anspruch unbedingter G\u00fcltigkeit, ablehnen. Sie orientieren sich an wissenschaftlichen Erkenntnissen und bekennen sich zum Humanismus. Freidenker:innen lehnen den Glauben an \u00fcberirdische M\u00e4chte ab, ihr Weltbild ist wissenschaftlich fundiert. Im engeren Sinne bezeichnet man als Freidenker:innen Vertreter:innen und Verfechter:innen einer materialistischen Weltanschauung.<\/p>\n\n\n\n<p><strong><span style=\"color:#f80a35\" class=\"has-inline-color\">Sind Materialisten nicht ohne jeden Idealismus und nur geldgierig?<\/span><\/strong><br>Nein, hier herrscht oft eine sprachliche Verwirrung, die von Gegnern der Aufkl\u00e4rung auch gepflegt wird. Materialist:innen sind in der Sprache der Wissenschaft Anh\u00e4nger:innen der materialistischen Weltanschauung, nach der die Welt von der materiellen (stofflichen) Wirklichkeit bestimmt wird. Aus ihr entwickelt sich das menschliche Bewusstsein mit allen Handlungsweisen. Vor diesem Hintergrund k\u00f6nnen die Menschen, die Welt und damit auch die Gesellschaft ver\u00e4ndern sowie wirtschaftliche und soziale Beziehungen schaffen, die Menschenw\u00fcrde, soziale Gerechtigkeit und friedliches Zusammenleben umfassen.<br><br><strong><span style=\"color:#f80a35\" class=\"has-inline-color\">\u201eGlaube \u2013 Liebe \u2013 Hoffnung\u201c ein Leitmotiv f\u00fcr Freidenker?<\/span><\/strong><br>Freidenker:innen lehnen jeglichen Glauben ab, da er die Abh\u00e4ngigkeit der Menschen von \u00fcbersinnlichen M\u00e4chten zur Bedingung macht. Freidenker:innen halten Liebe f\u00fcr sehr wichtig. Nur Liebe zu den Menschen hat den Revolution\u00e4r:innen unserer Geschichte die Kraft gegeben, ihre Mitmenschen aufzur\u00fctteln und sich deren Interessen zu verschreiben. Um das B\u00f6se in der Welt zu \u00fcberwinden, ist nicht nur Liebe, sondern vor allem eine Erkenntnis erforderlich: das B\u00f6se kommt nicht vom Teufel! Mit der Hoffnung verbinden Freidenker:innen die Kraft eines Menschen, sein Dasein nach eigenst\u00e4ndigen \u00dcberlegungen und Handlungen zu bew\u00e4ltigen.<\/p>\n\n\n\n<p><strong><span style=\"color:#f80a35\" class=\"has-inline-color\">Woher kommen Freidenker:innen \u2013 wie sind sie entstanden?<\/span><\/strong><br>Atheismus und Freidenkertum wurzeln im Rationalismus der Antike und bekamen Auftrieb in der Zeit der Aufkl\u00e4rung im 18. und 19. Jahrhundert, als neue naturwissenschaftliche Erkenntnisse (z.B. von Galilei und Darwin) das Weltbild der Kirche ersch\u00fctterten. Infolge gab es die ersten freigeistigen Organisationen in der Mitte des 19. Jahrhunderts. In Ulm seit 1845, die sich etwa ab 1920 auch Freidenker nannten. Organisierte Freidenker:innen in der Arbeiter:innenbewegung, die sich zum dialektischen Materialismus von Marx und Engels bekennen, gibt es seit 1905.<\/p>\n\n\n\n<p><strong><span style=\"color:#f80a35\" class=\"has-inline-color\">Was braucht der Mensch auf dem Weg zu einer humanen Gesellschaft nicht?<\/span><\/strong><br>den Glauben an eine Jungfrauengeburt, an Himmel und H\u00f6lle und an die Auferstehung von den Toten<br>einen Oberhirten der sich den erzreaktion\u00e4ren Pius-Br\u00fcdern andient und allen Ernstes die Anwendung von Kondomen zur Aids-Pr\u00e4vention kritisiert<br>eine kirchliche Sexualmoral die Frauen, die einen Schwangerschaftsabbruch vornehmen lassen, mit den Schergen des NS-Regimes gleichsetzt<br>Standpunkte der Religionen: Glaube ist wichtiger als Wissen Hierarchie wichtiger als Demokratie Gehorsam wichtiger als Selbstbestimmung<br>Kirchen die rundum Barmherzigkeit predigen, aber nur etwa 10% der Kirchensteuereinnahmen f\u00fcr \u00f6ffentliche soziale Belange aufwenden<\/p>\n\n\n\n<p><strong><span style=\"color:#f80a35\" class=\"has-inline-color\">Wenn Dir angesichts der Weltreligionen auch der Hut hochgeht:<\/span><\/strong><br>Ziehe die Konsequenz, tritt aus der Kirche aus. Engagiere Dich f\u00fcr die Trennung von Staat und Kirche, die Rechte der Konfessionslosen und soziale Alternativen.<\/p>\n\n\n\n<p><strong>Die Freidenkerinnen &amp; Freidenker Ulm\/Neu-Ulm e.V. verstehen sich als eine Vereinigung von Konfessionslosen und Atheist:innen, als \u00fcberparteiliche Kulturorganisation.<\/strong><\/p>\n\n\n\n<p><a rel=\"noreferrer noopener\" href=\"https:\/\/ulmer-freidenker.de\/wp-content\/uploads\/2021\/04\/frei_denken_print.pdf\" target=\"_blank\">Info-Flyer<\/a><\/p>\n\n\n\n<p><a rel=\"noreferrer noopener\" href=\"https:\/\/ulmer-freidenker.de\/wp-content\/uploads\/2023\/03\/Beitrittserklaerung_2023.pdf\" target=\"_blank\">Beitritterkl\u00e4rung Freidenker:innen<\/a><\/p>\n\n\n\n<p><a href=\"https:\/\/ulmer-freidenker.de\/wp-content\/uploads\/2023\/03\/Satzung-Verein-Stand-3-2011.pdf\" target=\"_blank\" rel=\"noreferrer noopener\">Satzung Freidenkerinnen &amp; Freidenker Ulm\/Neu-Ulm<\/a><\/p>\n","protected":false},"excerpt":{"rendered":"<p>Freidenker:innen sind Menschen ohne religi\u00f6se Bindungen. Sie orientieren sich an wissenschaftlichen Erkenntnissen und bekennen sich zum Humanismus. Worin sehen die<\/p>\n","protected":false},"author":1,"featured_media":0,"parent":0,"menu_order":0,"comment_status":"closed","ping_status":"closed","template":"","meta":{"colormag_page_container_layout":"default_layout","colormag_page_sidebar_layout":"default_layout","footnotes":""},"class_list":["post-79","page","type-page","status-publish","hentry"],"_links":{"self":[{"href":"https:\/\/ulmer-freidenker.de\/index.php?rest_route=\/wp\/v2\/pages\/79","targetHints":{"allow":["GET"]}}],"collection":[{"href":"https:\/\/ulmer-freidenker.de\/index.php?rest_route=\/wp\/v2\/pages"}],"about":[{"href":"https:\/\/ulmer-freidenker.de\/index.php?rest_route=\/wp\/v2\/types\/page"}],"author":[{"embeddable":true,"href":"https:\/\/ulmer-freidenker.de\/index.php?rest_route=\/wp\/v2\/users\/1"}],"replies":[{"embeddable":true,"href":"https:\/\/ulmer-freidenker.de\/index.php?rest_route=%2Fwp%2Fv2%2Fcomments&post=79"}],"version-history":[{"count":7,"href":"https:\/\/ulmer-freidenker.de\/index.php?rest_route=\/wp\/v2\/pages\/79\/revisions"}],"predecessor-version":[{"id":521,"href":"https:\/\/ulmer-freidenker.de\/index.php?rest_route=\/wp\/v2\/pages\/79\/revisions\/521"}],"wp:attachment":[{"href":"https:\/\/ulmer-freidenker.de\/index.php?rest_route=%2Fwp%2Fv2%2Fmedia&parent=79"}],"curies":[{"name":"wp","href":"https:\/\/api.w.org\/{rel}","templated":true}]}}