{"id":820,"date":"2024-11-01T18:27:34","date_gmt":"2024-11-01T17:27:34","guid":{"rendered":"https:\/\/ulmer-freidenker.de\/?page_id=820"},"modified":"2024-11-01T18:39:51","modified_gmt":"2024-11-01T17:39:51","slug":"braunes-gold-roter-wein","status":"publish","type":"page","link":"https:\/\/ulmer-freidenker.de\/?page_id=820","title":{"rendered":"Braunes Gold &amp; Roter Wein"},"content":{"rendered":"\n<p>Ein Tatsachen-Roman des Ulmer Freidenkers Heinz Feuchter \u00fcber sein Leben in Marokko in den Jahren 1962 &#8211; 1965<\/p>\n\n\n\n<figure class=\"wp-block-image alignright size-full\"><img loading=\"lazy\" decoding=\"async\" width=\"501\" height=\"648\" src=\"https:\/\/ulmer-freidenker.de\/wp-content\/uploads\/2024\/11\/Braunes-Gold-Roter-Wein.jpg\" alt=\"Titelseite des Buches &quot;Braunes Gold und roter Wein&quot; von Heinz Feuchter. Herausgegeben von Siegfried Sp\u00e4th. Neu bearbeitet von Claudia Feuchter\" class=\"wp-image-821\" srcset=\"https:\/\/ulmer-freidenker.de\/wp-content\/uploads\/2024\/11\/Braunes-Gold-Roter-Wein.jpg 501w, https:\/\/ulmer-freidenker.de\/wp-content\/uploads\/2024\/11\/Braunes-Gold-Roter-Wein-232x300.jpg 232w\" sizes=\"auto, (max-width: 501px) 100vw, 501px\" \/><\/figure>\n\n\n\n<p>aufgefunden und neu bearbeitet von Claudia Feuchter<br>Herausgegeber: Siegfried Sp\u00e4th<\/p>\n\n\n\n<p>180 Seiten &#8211; Preis: 9.90 Euro<\/p>\n\n\n\n<p>Heinz Feuchter (1927 &#8211; 2004): Von der Mutter verw\u00f6hnt, vom Krieg gezeichnet lebte er die Ideale einer besseren, weil gerechten Welt (Mit)-Begr\u00fcnder und Urgestein der Ulmer Freidenker*innen anno 1980.<\/p>\n\n\n\n<p>Siegfried Sp\u00e4th (geb. 1951): Schriftsetzermeister (Bleisatztechnik), (Mit)-Begr\u00fcnder der Ulmer Freidenker*innen und Kampfgef\u00e4hrte von Heinz Feuchter. Herausgeber des Freidenker-Kalenders und der Reihe Freidenker-Texte<\/p>\n\n\n\n<p>ISBN\/GTIN: 978-3-7519-5051-0<br>Einband: Kartoniert, Paperback<br>Verlag: BoD &#8211; Books on Demand<br>Erscheinungsdatum: 10.06.2020<br>Sprache: \u200e Deutsch<br>Abmessungen: \u200e 17 x 1.1 x 22 cm<br><\/p>\n\n\n\n<p><a href=\"https:\/\/ulmer-freidenker.de\/wp-content\/uploads\/2024\/11\/BG24.pdf\">pdf<\/a><\/p>\n\n\n\n<p><\/p>\n","protected":false},"excerpt":{"rendered":"<p>Ein Tatsachen-Roman des Ulmer Freidenkers Heinz Feuchter \u00fcber sein Leben in Marokko in den Jahren 1962 &#8211; 1965 aufgefunden und<\/p>\n","protected":false},"author":1,"featured_media":0,"parent":198,"menu_order":4,"comment_status":"closed","ping_status":"closed","template":"","meta":{"colormag_page_container_layout":"default_layout","colormag_page_sidebar_layout":"default_layout","footnotes":""},"class_list":["post-820","page","type-page","status-publish","hentry"],"_links":{"self":[{"href":"https:\/\/ulmer-freidenker.de\/index.php?rest_route=\/wp\/v2\/pages\/820","targetHints":{"allow":["GET"]}}],"collection":[{"href":"https:\/\/ulmer-freidenker.de\/index.php?rest_route=\/wp\/v2\/pages"}],"about":[{"href":"https:\/\/ulmer-freidenker.de\/index.php?rest_route=\/wp\/v2\/types\/page"}],"author":[{"embeddable":true,"href":"https:\/\/ulmer-freidenker.de\/index.php?rest_route=\/wp\/v2\/users\/1"}],"replies":[{"embeddable":true,"href":"https:\/\/ulmer-freidenker.de\/index.php?rest_route=%2Fwp%2Fv2%2Fcomments&post=820"}],"version-history":[{"count":3,"href":"https:\/\/ulmer-freidenker.de\/index.php?rest_route=\/wp\/v2\/pages\/820\/revisions"}],"predecessor-version":[{"id":828,"href":"https:\/\/ulmer-freidenker.de\/index.php?rest_route=\/wp\/v2\/pages\/820\/revisions\/828"}],"up":[{"embeddable":true,"href":"https:\/\/ulmer-freidenker.de\/index.php?rest_route=\/wp\/v2\/pages\/198"}],"wp:attachment":[{"href":"https:\/\/ulmer-freidenker.de\/index.php?rest_route=%2Fwp%2Fv2%2Fmedia&parent=820"}],"curies":[{"name":"wp","href":"https:\/\/api.w.org\/{rel}","templated":true}]}}