{"id":92,"date":"2021-03-31T22:52:24","date_gmt":"2021-03-31T20:52:24","guid":{"rendered":"https:\/\/ulmer-freidenker.de\/?page_id=92"},"modified":"2025-09-29T23:17:01","modified_gmt":"2025-09-29T21:17:01","slug":"freidenkerinnenkalender","status":"publish","type":"page","link":"https:\/\/ulmer-freidenker.de\/?page_id=92","title":{"rendered":"Kalender"},"content":{"rendered":"\n<figure class=\"wp-block-embed is-type-wp-embed is-provider-freidenkerinnen-und-freidenker-ulm-neu-ulm-e-v wp-block-embed-freidenkerinnen-und-freidenker-ulm-neu-ulm-e-v\"><div class=\"wp-block-embed__wrapper\">\n<blockquote class=\"wp-embedded-content\" data-secret=\"qHLAEAGw7p\"><a href=\"https:\/\/ulmer-freidenker.de\/?p=1015\">FREIDENKER:INNEN-KALENDER 2026<\/a><\/blockquote><iframe loading=\"lazy\" class=\"wp-embedded-content\" sandbox=\"allow-scripts\" security=\"restricted\" style=\"position: absolute; visibility: hidden;\" title=\"&#8222;FREIDENKER:INNEN-KALENDER 2026&#8220; &#8212; Freidenkerinnen und Freidenker Ulm \/ Neu-Ulm e.V.\" src=\"https:\/\/ulmer-freidenker.de\/?p=1015&#038;embed=true#?secret=PEik6cpDvw#?secret=qHLAEAGw7p\" data-secret=\"qHLAEAGw7p\" width=\"600\" height=\"338\" frameborder=\"0\" marginwidth=\"0\" marginheight=\"0\" scrolling=\"no\"><\/iframe>\n<\/div><\/figure>\n\n\n\n<p class=\"has-medium-font-size\"><strong>Freidenker Kalender 2024 erschienen:<\/strong><\/p>\n\n\n\n<p class=\"has-vivid-red-color has-text-color has-large-font-size\"><strong><strong>&#8222;Lob des Sisyphus&#8220;<\/strong><\/strong><\/p>\n\n\n\n<p>Alle Jahre wieder kommt \u2013 nein, nicht das Christuskind, dieses gibt es ja nicht! &#8211; der Kalender der Freidenker*innen Ulm\/Neu-Ulm, so auch der f\u00fcr das Jahr 2024.<\/p>\n\n\n\n<p>Die Kalenderbl\u00e4tter sind den unterschiedlichsten Themen gewidmet, u. a. der Befreiung Leningrads von den faschistischen Truppen, dem 75-j\u00e4hrigen Bestehen der Volksrepublik China, Angela Davies, \u2026<\/p>\n\n\n\n<p>Neben Fotos zu den Themen gibt es auch drei Aquarelle.<\/p>\n\n\n\n<p>Das Kalendarium wird erg\u00e4nzt von Geburts- bzw. Sterbedaten dem Freidenkertum nahestehender Pers\u00f6nlichkeiten.<\/p>\n\n\n\n<p>Gewidmet ist der Kalender dem 2004 verstorbenen \u201eUrgestein\u201c der Freidenker Ulm\/Neu-Ulm: Heinz Feuchter.<\/p>\n\n\n\n<p>Der Preis betr\u00e4gt pro Kalender 8.50 Euro + Porto, ab 3 Exemplaren pro St\u00fcck 7.50 Euro + Porto und ab 5 Exemplaren pro St\u00fcck: 6.50 Euro + Porto.<\/p>\n\n\n\n<p><a href=\"https:\/\/ulmer-freidenker.de\/wp-content\/uploads\/2023\/10\/2024-titelblatt1.pdf\" data-type=\"link\" data-id=\"https:\/\/ulmer-freidenker.de\/wp-content\/uploads\/2023\/10\/2024-titelblatt1.pdf\">cover<\/a><\/p>\n\n\n\n<p class=\"has-small-font-size\">Bestellm\u00f6glichkeiten sind:<br>per Mail: siegfried.freidenker@t-online.de \/ info@ulmer-freidenker.de<br>per Post: Freidenkerinnen &amp; Freidenker Ulm\/Neu-Ulm e.V.<br>Postfach 1667, 89006 Ulm<br>per Telefon: 0731\/57176  oder Alibri-Verlag, verlag@alibri.de, www.alibri.de, www.denkladen.de<\/p>\n\n\n\n<hr class=\"wp-block-separator has-alpha-channel-opacity\"\/>\n\n\n\n<p class=\"has-medium-font-size\"><strong>Freidenker-Kalender 2023 erschienen!<\/strong><\/p>\n\n\n\n<p class=\"has-vivid-red-color has-text-color has-large-font-size\"><strong>&#8222;Friede den H\u00fctten \u2013 Krieg den Pal\u00e4sten&#8220;<\/strong><\/p>\n\n\n\n<p>&#8222;Friede den H\u00fctten \u2013 Krieg den Pal\u00e4sten&#8220;, das formulierte Georg B\u00fcchner 1834 im &#8222;Hessischen Landboten&#8220;, und dieses Motto, dieser Ausspruch schm\u00fcckt das Titelblatt des Freidenker-Kalenders 2023 der &#8222;Freidenkerinnen &amp; Freidenker Ulm\/Neu-Ulm&#8220;.<\/p>\n\n\n\n<p>Auf den Monatsbl\u00e4ttern sind u. a. Picasso, Victor Jara und &#8211; nat\u00fcrlich \u2013 Georg B\u00fcchner zu sehen, jeweils mit einem erkl\u00e4renden Text. Aber auch geschichtliche Ereignisse sind vertreten wie die B\u00fccherverbrennung durch die deutschen Faschisten 1933 oder der &#8222;G\u00f6ggeles-Migda&#8220; 1923.<\/p>\n\n\n\n<p>Was der &#8222;G\u00f6ggeles-Migda&#8220; war? Siehe Freidenker-Kalender 2023!<\/p>\n\n\n\n<p>Der Preis betr\u00e4gt pro Kalender 8.50 Euro + Porto, ab 5 Exemplaren pro St\u00fcck: 6.50 Euro + Porto<\/p>\n\n\n\n<p class=\"has-small-font-size\">Bestellm\u00f6glichkeiten sind:<br>&nbsp;&nbsp;&nbsp; per Mail: <a href=\"mailto:siegfried.freidenker@t-online.de\">siegfried.freidenker@t-online.de<\/a> \/ <a href=\"mailto:info@ulmer-freidenker.de\">info@ulmer-freidenker.de<\/a><br>&nbsp;&nbsp;&nbsp; per Post: Freidenkerinnen &amp; Freidenker Ulm\/Neu-Ulm e.V., Postfach 1667, 89006 Ulm<br>&nbsp;&nbsp;&nbsp; oder Alibri-Verlag, verlag@alibri.de, www.alibri.de, www.denkladen.de<\/p>\n\n\n\n<figure class=\"wp-block-image size-full\"><img loading=\"lazy\" decoding=\"async\" width=\"647\" height=\"916\" src=\"https:\/\/ulmer-freidenker.de\/wp-content\/uploads\/2022\/10\/titelbild_FD_kalender_2021.jpg\" alt=\"\" class=\"wp-image-424\" srcset=\"https:\/\/ulmer-freidenker.de\/wp-content\/uploads\/2022\/10\/titelbild_FD_kalender_2021.jpg 647w, https:\/\/ulmer-freidenker.de\/wp-content\/uploads\/2022\/10\/titelbild_FD_kalender_2021-212x300.jpg 212w\" sizes=\"auto, (max-width: 647px) 100vw, 647px\" \/><\/figure>\n\n\n\n<hr class=\"wp-block-separator has-alpha-channel-opacity\"\/>\n\n\n\n<h2 class=\"wp-block-heading has-black-color has-text-color has-medium-font-size\"><strong>Freidenker-Kalender 2022<\/strong><\/h2>\n\n\n\n<h2 class=\"wp-block-heading has-vivid-red-color has-text-color has-large-font-size\"><strong>Lob der Dialektik<\/strong><\/h2>\n\n\n\n<p>Alle Jahre wieder gibt es einen Freidenker-Kalender, so auch f\u00fcr 2022.<\/p>\n\n\n\n<p>Darin enthalten sind u.a. Bilder (auch Aquarelle) und Texte zu Galileo Galilei, Wannseekonferenz 1942, Alexandra Kollontai, Spanischer B\u00fcrgerkrieg und Esther Bejarano, \u2026<\/p>\n\n\n\n<p>Es gibt ein Kalendarium, in dem dem Geburts- bzw. Todestage mehr oder weniger bekannter Pers\u00f6nlichkeiten vermerkt sind. Der Freidenker-Kalender ist informativ und fernab der Heile-Welt-Mystik anderer bebilderter Kalendarien!<\/p>\n\n\n\n<p>Der Preis betr\u00e4gt pro Kalender 8.50 Euro + Porto, ab 5 Exemplaren pro St\u00fcck: 6.50 Euro + Porto<br>Bestellm\u00f6glichkeit per <a rel=\"noreferrer noopener\" href=\"mailto:info@ulmer-freidenker.de\" target=\"_blank\">Email<\/a>, postalisch (Freidenkerinnen &amp; Freidenker Ulm\/Neu-Ulm e.V., Postfach 1667, 89006 Ulm) <\/p>\n\n\n\n<p>Ansicht als <a rel=\"noreferrer noopener\" href=\"https:\/\/ulmer-freidenker.de\/wp-content\/uploads\/2021\/10\/2022_titel_print1-1.pdf\" target=\"_blank\">pdf<\/a>.<\/p>\n\n\n\n<hr class=\"wp-block-separator has-alpha-channel-opacity\"\/>\n\n\n\n<p class=\"has-medium-font-size\"><strong>Freidenker-Kalender 2021<\/strong><\/p>\n\n\n\n<p class=\"has-vivid-red-color has-text-color has-large-font-size\"><strong>ENGEL DER GESCHICHTE<\/strong><\/p>\n\n\n\n<p>Freidenker-Kalender 2021 unter dem Motto: ENGEL DER GESCHICHTE erschienen!<\/p>\n\n\n\n<p>Wie am Ende jeden Jahres steht, so zeigt die Erfahrung, ein neues bevor und damit auch ein nigelnagelneuer Freidenker-Kalender.<\/p>\n\n\n\n<p>F\u00fcr 2021 enth\u00e4lt er Fotos, Aquarelle und Texte zu Vorkommnissen und Personen, die 2021 einen &#8222;runden Geburtstag&#8220; feiern w\u00fcrden nebst? nat\u00fcrlich! &#8211; einem Kalendarium, auf dem Geburts- bzw. Todestage mehr oder weniger bekannter Pers\u00f6nlichkeiten vermerkt sind.Z.B: Patrice Lumumba, Willi Sitte, John Most, Frauen der Pariser Commune, Else Kienle, Friedrich Hecker, Emiliano Zapata.<\/p>\n\n\n\n<p>Der Kalender hat das Format DIN A 4, 15 Seiten durchgehend farbig, Spiralbindung.<br>Preis per St\u00fcck 8.50 Euro, ab 5 Ex. 6.50 Euro + Porto und ist ab sofort erh\u00e4ltlich bei: Freidenkerinnen &amp; Freidenker Ulm\/Neu-Ulm e.V., Postfach 1667, 89006 Ulm<br><a href=\"mailto:info@ulmer-freidenker.de\" data-type=\"mailto\" data-id=\"mailto:info@ulmer-freidenker.de\">per E-Mail<\/a>  | Flyer als <a rel=\"noreferrer noopener\" href=\"https:\/\/ulmer-freidenker.de\/wp-content\/uploads\/2021\/04\/Flyer_FD-Kalender_21.pdf\" target=\"_blank\">pdf<\/a><\/p>\n\n\n\n<hr class=\"wp-block-separator has-alpha-channel-opacity\"\/>\n\n\n\n<p class=\"has-black-color has-text-color has-medium-font-size\"><strong>Freidenker-Kalender 2020<\/strong><\/p>\n\n\n\n<p class=\"has-vivid-red-color has-text-color has-large-font-size\"><strong>\u201eGEGEN DEN STROM&#8220;<\/strong><\/p>\n\n\n\n<figure class=\"wp-block-image alignleft size-large is-resized\"><img loading=\"lazy\" decoding=\"async\" width=\"354\" height=\"513\" src=\"https:\/\/ulmer-freidenker.de\/wp-content\/uploads\/2021\/04\/grafik.png\" alt=\"\" class=\"wp-image-103\" style=\"width:248px;height:328px\" srcset=\"https:\/\/ulmer-freidenker.de\/wp-content\/uploads\/2021\/04\/grafik.png 354w, https:\/\/ulmer-freidenker.de\/wp-content\/uploads\/2021\/04\/grafik-207x300.png 207w\" sizes=\"auto, (max-width: 354px) 100vw, 354px\" \/><\/figure>\n\n\n\n<p>Freidenker-Kalender 2020 unter dem Motto \u201eGEGEN DEN STROM\u201c erschienen!<\/p>\n\n\n\n<p>Auf den einzelnen Kalenderbl\u00e4ttern finden sich Fotos und Aquarelle, dazu jeweils ein kurzer oder l\u00e4ngerer Text sowie ein Kalendarium mit Hinweisen auf Geburts- bzw. Sterbetage bekannter Pers\u00f6nlichkeiten.Eine Fundgrube also f\u00fcr alle, die Freude an Farbe und Infos haben. Der Kalender ist eine Gemeinschaftsarbeit von Mitgliedern der Ulmer Freidenker*innen.<\/p>\n\n\n\n<p>Der Kalender hat das Format DIN A 4, 15 Seiten durchgehend farbig, Spiralbindung. Preis per St\u00fcck 8,50 Euro, ab 5 Ex. 6,50 Euro + Porto und ist ab sofort erh\u00e4ltlich. | Flyer als pdf<\/p>\n\n\n\n<p><\/p>\n\n\n\n<p><\/p>\n\n\n\n<p><\/p>\n\n\n\n<p><\/p>\n\n\n\n<hr class=\"wp-block-separator has-alpha-channel-opacity\"\/>\n\n\n\n<p><\/p>\n\n\n\n<p class=\"has-black-color has-text-color has-medium-font-size\"><strong>Freidenker-Kalender 2019<\/strong><\/p>\n\n\n\n<p class=\"has-vivid-red-color has-text-color has-large-font-size\"><strong>\u201eVon Aufkl\u00e4rung und Widerstand&#8220;<\/strong><\/p>\n\n\n\n<figure class=\"wp-block-image alignright size-large is-resized\"><img loading=\"lazy\" decoding=\"async\" width=\"519\" height=\"733\" src=\"https:\/\/ulmer-freidenker.de\/wp-content\/uploads\/2021\/04\/grafik-4.png\" alt=\"Umschlag Freidenker:innen Kalender 2019 &quot;Von Aufl\u00e4runf und Widerstand&quot;\" class=\"wp-image-189\" style=\"width:248px\" srcset=\"https:\/\/ulmer-freidenker.de\/wp-content\/uploads\/2021\/04\/grafik-4.png 519w, https:\/\/ulmer-freidenker.de\/wp-content\/uploads\/2021\/04\/grafik-4-212x300.png 212w\" sizes=\"auto, (max-width: 519px) 100vw, 519px\" \/><\/figure>\n\n\n\n<p>Freidenker-Kalender 2019 unter dem Motto: &#8222;Von Aufkl\u00e4rung und Widerstand&#8220; erschienen!<\/p>\n\n\n\n<p>An was merkt man\/frau, da\u00df wieder ein Jahr vergangen ist?&nbsp; Am neuen Freidenker-Kalender! \u201eVon Aufkl\u00e4rung und Widerstand\u201c lautet der Titel des Kalenders. Darin treten auf: Kurt Eisner \u2022 das Frauenwahlrecht \u2022 der 8. Mai&nbsp; Rudi Dutschke \u2022 Georg Elser \u2022 der Spartakusaufstand Leonardo da Vinci \u2022 Carl von Ossietzky \u2022 die Bayerische und Lindauer R\u00e4terepublik \u2022 Das Prinzip Hoffnung \u2022 ein Massaker das Flo\u00df der Medusa, aber nicht in der genannten Reihenfolge.<\/p>\n\n\n\n<p>Auf den einzelnen Kalenderbl\u00e4ttern \ufb01nden sich Fotos und Aquarelle, dazu jeweils ein kurzer oder l\u00e4ngerer Text sowie ein Kalendarium mit Hinweisen auf Geburts- bzw. Sterbetage bekannter Pers\u00f6nlichkeiten. Eine Fundgrube also f\u00fcr alle, die Freude an Farbe und Infos haben.<\/p>\n\n\n\n<p>Der Kalender ist eine Gemeinschaftsarbeit von 7 Mitgliedern der Freidenkerinnen &amp; Freidenker Ulm\/Neu-Ulm. Format DIN A 4, 14 Seiten durchgehend farbig, Spiralbindung Preis per St\u00fcck 8.50 Euro, ab 5 Ex. 6.50 Euro + Porto und ist ab sofort erh\u00e4ltlich bei: Freidenkerinnen &amp; Freidenker&nbsp; e.V. Ulm\/Neu-Ulm e.V., Postfach 1667, 89006 Ulm oder <a rel=\"noreferrer noopener\" href=\"mailto:info@ulmer-freidenker.de\" target=\"_blank\">per Email<\/a>. <a rel=\"noreferrer noopener\" href=\"https:\/\/ulmer-freidenker.de\/wp-content\/uploads\/2021\/04\/Kal.19.pdf\" target=\"_blank\">Flyer als pdf<\/a> Titelbild als <a rel=\"noreferrer noopener\" href=\"https:\/\/ulmer-freidenker.de\/wp-content\/uploads\/2021\/04\/2019_titel_print1.jpg\" target=\"_blank\">pdf<\/a><\/p>\n\n\n\n<hr class=\"wp-block-separator has-alpha-channel-opacity\"\/>\n","protected":false},"excerpt":{"rendered":"<p>Freidenker Kalender 2024 erschienen: &#8222;Lob des Sisyphus&#8220; Alle Jahre wieder kommt \u2013 nein, nicht das Christuskind, dieses gibt es ja<\/p>\n","protected":false},"author":1,"featured_media":0,"parent":198,"menu_order":7,"comment_status":"closed","ping_status":"closed","template":"","meta":{"colormag_page_container_layout":"default_layout","colormag_page_sidebar_layout":"default_layout","footnotes":""},"class_list":["post-92","page","type-page","status-publish","hentry"],"_links":{"self":[{"href":"https:\/\/ulmer-freidenker.de\/index.php?rest_route=\/wp\/v2\/pages\/92","targetHints":{"allow":["GET"]}}],"collection":[{"href":"https:\/\/ulmer-freidenker.de\/index.php?rest_route=\/wp\/v2\/pages"}],"about":[{"href":"https:\/\/ulmer-freidenker.de\/index.php?rest_route=\/wp\/v2\/types\/page"}],"author":[{"embeddable":true,"href":"https:\/\/ulmer-freidenker.de\/index.php?rest_route=\/wp\/v2\/users\/1"}],"replies":[{"embeddable":true,"href":"https:\/\/ulmer-freidenker.de\/index.php?rest_route=%2Fwp%2Fv2%2Fcomments&post=92"}],"version-history":[{"count":10,"href":"https:\/\/ulmer-freidenker.de\/index.php?rest_route=\/wp\/v2\/pages\/92\/revisions"}],"predecessor-version":[{"id":1019,"href":"https:\/\/ulmer-freidenker.de\/index.php?rest_route=\/wp\/v2\/pages\/92\/revisions\/1019"}],"up":[{"embeddable":true,"href":"https:\/\/ulmer-freidenker.de\/index.php?rest_route=\/wp\/v2\/pages\/198"}],"wp:attachment":[{"href":"https:\/\/ulmer-freidenker.de\/index.php?rest_route=%2Fwp%2Fv2%2Fmedia&parent=92"}],"curies":[{"name":"wp","href":"https:\/\/api.w.org\/{rel}","templated":true}]}}