{"id":964,"date":"2025-06-05T21:53:12","date_gmt":"2025-06-05T19:53:12","guid":{"rendered":"https:\/\/ulmer-freidenker.de\/?page_id=964"},"modified":"2025-06-05T22:10:58","modified_gmt":"2025-06-05T20:10:58","slug":"reisebedingungen-reisen-und-ausfluege-der-freidenkerinnen","status":"publish","type":"page","link":"https:\/\/ulmer-freidenker.de\/?page_id=964","title":{"rendered":"Reisebedingungen. Reisen und Ausfl\u00fcge der Freidenker*innen"},"content":{"rendered":"\n<p>Die Reisen und Ausfl\u00fcge sind Veranstaltungen der Freidenkerinnen und Freidenker Ulm\/Neu-Ulm e.V. im Sinne<br>der Satzung (\u00a7 4 Abs. 1).<br>\u00c4nderungen im Veranstaltungsablauf bleiben stets vorbehalten. Die Anmeldung und Teilnahme erfolgen stets auf eigene Verantwortung und eigenes Risiko. Zur eigenen Sicherheit empfehlen wir f\u00fcr Reiseteilnehmer*innen dringend f\u00fcr den gew\u00fcnschten Versicherungsschutz rechtzeitig selbst zu sorgen.<br>Anmeldung:<br>Die Anmeldung kann m\u00fcndlich, schriftlich, telefonisch, per Fax oder E-Mail er folgen. Die Anmeldung wird nur durch eine Anzahlung auf den Preis der Veranstaltung verbindlich. Mit der verbindlichen Anmeldung gelten die Reisebedingungen als akzeptiert.<br>Zahlungsweise wird bei der Ank\u00fcndigung oder Ausschreibung angegeben<\/p>\n\n\n\n<p>Mahnung bei fehlender Zahlung:<br>Gehen Zahlungen nicht fristgerecht ein, wird versucht, mit dem Interessenten m\u00fcndlich, telefonisch oder schriftlich Kontakt unter Nennung einer letzten Frist aufzunehmen. Ist der Interessent nicht zu erreichen oder erfolgt keine Zahlung, wird die Anmeldung zur Reise kostenpflichtig als Reiser\u00fccktritt storniert.<\/p>\n\n\n\n<p>R\u00fccktritt:<br>Ein R\u00fccktritt von der Reise \/ Ausflug ist jederzeit m\u00f6glich. In jedem nicht vom Verein verursachten Fall oder bei Nichtantritt durch den Interessenten entstehen folgende R\u00fccktrittgeb\u00fchren vom Preis:<br>Bis 90 Tage vor Reisebeginn = 15 % des Gesamtpreises<br>bis 60 Tage vor Reisebeginn = 50 % des Gesamtpreises<br>bis 30 Tage vor Reisebeginn = 75 % des Gesamtpreises<br>R\u00fccktritt am Reisetag oder Nichtantritt 100%<br>Bei Tagesausfl\u00fcgen stets 100%<br>Bei Ausfall eines Teilnehmers im \u00bd-Doppelzimmer gelten dieselben Stornobedingungen (siehe oben). Ein Angebot f\u00fcr die verbleibende Person auf ein Einzelzimmer besteht grunds\u00e4tzlich nicht. Falls eine Einzelunterbringung m\u00f6glich ist, erfolgt diese nur gegen Zahlung des Einzelzimmerzuschlags.<\/p>\n\n\n\n<p>Ersatzteilnehmer:<br>Bei einem Reiser\u00fccktritt besteht das Recht, einen Ersatzteilnehmer zu stellen. Der Ersatzteilnehmer ist von der Person, die sich f\u00fcr die Reise angemeldet hat, zu stellen. Die Geb\u00fchr f\u00fcr den R\u00fccktritt entf\u00e4llt, wenn der Ersatzteilnehmer den Reisepreis umgehend bezahlt hat. F\u00fcr den Ersatzteilnehmer gelten die gleichen Regeln.<\/p>\n\n\n\n<p>R\u00fcckzahlung:<br>Der Reisepreis wird nach bestem Wissen errechnet. Der gesamte Betrag wird f\u00fcr die Reise verwendet, ein eventueller \u00dcberschuss wird an die Reisenden zur\u00fcckbezahlt. Ein pro Kopf \u00dcberschuss von bis zu 10\u20ac wird als Spende mit dem Verein verrechnet.<\/p>\n\n\n\n<p>Bankverbindung: Freidenkerinnen &amp; Freidenker Ulm \/ Neu-Ulm e.V.<br>BIC: SOLADES1ULM<br>IBAN: DE79 6305 0000 0000 0712 97<\/p>\n\n\n\n<p>Stand: 1.12.2023<\/p>\n\n\n\n<p><a href=\"https:\/\/ulmer-freidenker.de\/wp-content\/uploads\/2025\/06\/FD_Reisebedingungen_2023_12_01.pdf\">download<\/a><\/p>\n\n\n\n<p><\/p>\n","protected":false},"excerpt":{"rendered":"<p>Die Reisen und Ausfl\u00fcge sind Veranstaltungen der Freidenkerinnen und Freidenker Ulm\/Neu-Ulm e.V. im Sinneder Satzung (\u00a7 4 Abs. 1).\u00c4nderungen im<\/p>\n","protected":false},"author":1,"featured_media":0,"parent":54,"menu_order":0,"comment_status":"closed","ping_status":"closed","template":"","meta":{"colormag_page_container_layout":"default_layout","colormag_page_sidebar_layout":"default_layout","footnotes":""},"class_list":["post-964","page","type-page","status-publish","hentry"],"_links":{"self":[{"href":"https:\/\/ulmer-freidenker.de\/index.php?rest_route=\/wp\/v2\/pages\/964","targetHints":{"allow":["GET"]}}],"collection":[{"href":"https:\/\/ulmer-freidenker.de\/index.php?rest_route=\/wp\/v2\/pages"}],"about":[{"href":"https:\/\/ulmer-freidenker.de\/index.php?rest_route=\/wp\/v2\/types\/page"}],"author":[{"embeddable":true,"href":"https:\/\/ulmer-freidenker.de\/index.php?rest_route=\/wp\/v2\/users\/1"}],"replies":[{"embeddable":true,"href":"https:\/\/ulmer-freidenker.de\/index.php?rest_route=%2Fwp%2Fv2%2Fcomments&post=964"}],"version-history":[{"count":3,"href":"https:\/\/ulmer-freidenker.de\/index.php?rest_route=\/wp\/v2\/pages\/964\/revisions"}],"predecessor-version":[{"id":968,"href":"https:\/\/ulmer-freidenker.de\/index.php?rest_route=\/wp\/v2\/pages\/964\/revisions\/968"}],"up":[{"embeddable":true,"href":"https:\/\/ulmer-freidenker.de\/index.php?rest_route=\/wp\/v2\/pages\/54"}],"wp:attachment":[{"href":"https:\/\/ulmer-freidenker.de\/index.php?rest_route=%2Fwp%2Fv2%2Fmedia&parent=964"}],"curies":[{"name":"wp","href":"https:\/\/api.w.org\/{rel}","templated":true}]}}