{"id":974,"date":"2025-06-05T22:40:21","date_gmt":"2025-06-05T20:40:21","guid":{"rendered":"https:\/\/ulmer-freidenker.de\/?page_id=974"},"modified":"2025-06-05T23:00:25","modified_gmt":"2025-06-05T21:00:25","slug":"foto-videoaufnahmen","status":"publish","type":"page","link":"https:\/\/ulmer-freidenker.de\/?page_id=974","title":{"rendered":"Foto-\/Videoaufnahmen"},"content":{"rendered":"\n<p><strong>Foto- und Videoaufnahmen auf Veranstaltungen der Freidenker*innen<\/strong><\/p>\n\n\n\n<p>Auf Veranstaltung der Freidenkerinnen und Freidenker Ulm(Neu-Ulm e.V. werden Foto- und Videoaufnahmen erstellt.<\/p>\n\n\n\n<p>Ihre Pers\u00f6nlichkeitsrechte und der Schutz Ihrer Daten sind uns wichtig: Wir m\u00f6chten Sie darauf hinweisen, dass auf der Veranstaltung Fotos angefertigt werden. Diese Fotos werden Seitens des Veranstalter f\u00fcr die Verwendung in der Veranstaltungsdokumentation sowie in Print- und Digitalmedien angefertigt.<\/p>\n\n\n\n<p>Die Fotos und Videoaufnahmen werden zur \u00d6ffentlichkeitsarbeit (auch in den sozialen Medien) genutzt und dienen au\u00dferdem der dauerhaften Dokumentation der heutigen Veranstaltung. Diese Verarbeitung dient der Wahrung unseres berechtigten Interesses an \u00d6ffentlichkeitsarbeit und Dokumentation im Sinne von Art. 6 Abs. 1 f) DSGVO.<\/p>\n\n\n\n<p>Die Fotos stehen offline und online zur Verf\u00fcgung und k\u00f6nnen so auch im au\u00dfereurop\u00e4ischen Ausland abgerufen werden.<br>Gegen die Verarbeitung steht Ihnen in begr\u00fcndeten F\u00e4llen ein Widerspruchsrecht zu. Sollten Sie nicht fotografiert werden wollen bzw. mit der Ver\u00f6ffentlichung der angefertigten Fotos nicht einverstanden sein, geben Sie bitte einem unserer Mitarbeiter einen Hinweis (z.B. an der Eingangskasse).<br><strong>Mit Ihrer Teilnahme an dieser Veranstaltung erkl\u00e4ren Sie sich mit der Ver\u00f6ffentlichung dieser Foto- und Videoaufnahmen einverstanden.<\/strong><\/p>\n\n\n\n<p>Wir k\u00f6nnen auch nicht verhindern, dass Teilnehmer:innen f\u00fcr ihre (privaten) Zwecke fotografieren. Sprechen Sie die Fotograf:innenen bitte von sich aus an.<\/p>\n\n\n\n<p><\/p>\n","protected":false},"excerpt":{"rendered":"<p>Foto- und Videoaufnahmen auf Veranstaltungen der Freidenker*innen Auf Veranstaltung der Freidenkerinnen und Freidenker Ulm(Neu-Ulm e.V. werden Foto- und Videoaufnahmen erstellt.<\/p>\n","protected":false},"author":1,"featured_media":0,"parent":3,"menu_order":0,"comment_status":"closed","ping_status":"closed","template":"","meta":{"colormag_page_container_layout":"default_layout","colormag_page_sidebar_layout":"default_layout","footnotes":""},"class_list":["post-974","page","type-page","status-publish","hentry"],"_links":{"self":[{"href":"https:\/\/ulmer-freidenker.de\/index.php?rest_route=\/wp\/v2\/pages\/974","targetHints":{"allow":["GET"]}}],"collection":[{"href":"https:\/\/ulmer-freidenker.de\/index.php?rest_route=\/wp\/v2\/pages"}],"about":[{"href":"https:\/\/ulmer-freidenker.de\/index.php?rest_route=\/wp\/v2\/types\/page"}],"author":[{"embeddable":true,"href":"https:\/\/ulmer-freidenker.de\/index.php?rest_route=\/wp\/v2\/users\/1"}],"replies":[{"embeddable":true,"href":"https:\/\/ulmer-freidenker.de\/index.php?rest_route=%2Fwp%2Fv2%2Fcomments&post=974"}],"version-history":[{"count":2,"href":"https:\/\/ulmer-freidenker.de\/index.php?rest_route=\/wp\/v2\/pages\/974\/revisions"}],"predecessor-version":[{"id":979,"href":"https:\/\/ulmer-freidenker.de\/index.php?rest_route=\/wp\/v2\/pages\/974\/revisions\/979"}],"up":[{"embeddable":true,"href":"https:\/\/ulmer-freidenker.de\/index.php?rest_route=\/wp\/v2\/pages\/3"}],"wp:attachment":[{"href":"https:\/\/ulmer-freidenker.de\/index.php?rest_route=%2Fwp%2Fv2%2Fmedia&parent=974"}],"curies":[{"name":"wp","href":"https:\/\/api.w.org\/{rel}","templated":true}]}}